{"id":128,"date":"2025-12-24T01:29:00","date_gmt":"2025-12-24T01:29:00","guid":{"rendered":"https:\/\/andes-t.cl\/?page_id=128"},"modified":"2026-01-16T04:27:04","modified_gmt":"2026-01-16T04:27:04","slug":"servicios","status":"publish","type":"page","link":"https:\/\/andes-t.cl\/en\/servicios\/","title":{"rendered":"SERVICES"},"content":{"rendered":"<div class=\"wpb-content-wrapper\"><div class=\"vc_row wpb_row vc_row-fluid vc_custom_1768096174030 wpex-vc-full-width-row wpex-vc-full-width-row--centered wpex-relative wpex-vc_row-gap-0 wpex-vc_row-has-fill wpex-vc_row-mx-0\" style=\"background-color:#2a2f36!important;\"><div class=\"wpb_column vc_column_container vc_col-sm-12\"><div class=\"vc_column-inner\"><div class=\"wpb_wrapper\"><style>.vcex-heading.vcex_69eb2247d3501{width:700px;color:#fefefe;font-size:var(--wpex-text-4xl);}@media (max-width:767px){.vcex-heading.vcex_69eb2247d3501{font-size:var(--wpex-text-3xl);}}<\/style><h2 class=\"vcex-heading vcex-heading-plain vcex-module wpex-text-balance wpex-heading wpex-text-2xl wpex-mb-20 wpex-text-center wpex-max-w-100 wpex-mx-auto vcex_69eb2247d3501\"><span class=\"vcex-heading-inner wpex-inline-block\">We deliver technical, technological and strategic solutions<\/span><\/h2>\n\t<div style=\"color:#ffffff;text-align:center;width:600px;margin-bottom:30px;\" class=\"wpb_text_column has-custom-color wpex-child-inherit-color wpex-max-w-100 wpex-mx-auto wpb_content_element\" >\n\t\t<div class=\"wpb_wrapper\">\n\t\t\t<p>Focused on ensuring operational continuity, reliability and efficiency of critical processes, adapted to the real requirements of each operation.<\/p>\n\n\t\t<\/div>\n\t<\/div>\n<div class=\"vcex-module vcex-divider vcex-divider-solid vcex-divider-center wpex-mx-auto wpex-max-w-100 wpex-block wpex-h-0 wpex-border-b wpex-border-solid wpex-border-main\" style=\"width:60px;margin-block-start:25px;margin-block-end:55px;border-color:#0D0C0C36;\"><\/div><\/div><\/div><\/div><\/div><div class=\"vc_row wpb_row vc_row-fluid wpex-py-60 vc_custom_1768097816653 wpex-relative wpex-vc_row-col-mb-0\"><div class=\"wpb_column vc_column_container vc_col-sm-12\"><div class=\"vc_column-inner\"><div class=\"wpb_wrapper\"><style>.vcex-heading.vcex_69eb2247d4f00{width:700px;color:#000000;font-size:var(--wpex-text-3xl);}@media (max-width:767px){.vcex-heading.vcex_69eb2247d4f00{font-size:var(--wpex-text-3xl);}}<\/style><h2 class=\"vcex-heading vcex-heading-plain vcex-module wpex-text-balance wpex-heading wpex-text-2xl wpex-mb-20 wpex-text-center wpex-max-w-100 wpex-mx-auto vcex_69eb2247d4f00\"><span class=\"vcex-heading-inner wpex-inline-block\">Technical and Industrial Services<\/span><\/h2><style>.vcex-grid-container.vcex_69eb2247d5379{gap:35px;}<\/style><div class=\"vcex-grid-container vcex-module wpex-grid wpex-gap-20 wpex-grid-cols-1 wpex-lg-grid-cols-2 vcex_69eb2247d5379\"><div class=\"vcex-module vcex-teaser vcex-teaser-four wpex-flex wpex-flex-col wpex-text-center wpex-border wpex-border-solid wpex-border-main\"><div class=\"vcex-teaser-media\"><img width=\"922\" height=\"614\" src=\"https:\/\/andes-t.cl\/wp-content\/uploads\/2026\/01\/images_0003_Generative-Fill-2.jpg\" class=\"wpex-align-middle\" alt=\"\" loading=\"lazy\" decoding=\"async\" srcset=\"https:\/\/andes-t.cl\/wp-content\/uploads\/2026\/01\/images_0003_Generative-Fill-2.jpg 922w, https:\/\/andes-t.cl\/wp-content\/uploads\/2026\/01\/images_0003_Generative-Fill-2-300x200.jpg 300w, https:\/\/andes-t.cl\/wp-content\/uploads\/2026\/01\/images_0003_Generative-Fill-2-768x511.jpg 768w, https:\/\/andes-t.cl\/wp-content\/uploads\/2026\/01\/images_0003_Generative-Fill-2-18x12.jpg 18w\" sizes=\"auto, (max-width: 922px) 100vw, 922px\" \/><\/div><div class=\"vcex-teaser-content wpex-p-20\"><h2 class=\"vcex-teaser-heading wpex-heading wpex-text-xl\">Industrial Supply<\/h2><div class=\"vcex-teaser-text wpex-mt-10 wpex-last-mb-0 wpex-clr\"><p style=\"text-align: justify\">We deliver strategic industrial supply solutions designed to ensure the availability and reliability of critical equipment, components, and supplies. Our service includes technical assessment of requirements, appropriate solution selection, supply management, and associated technical support, reducing operational risks and unscheduled downtime.<\/p>\n<\/div><\/div><\/div><div class=\"vcex-module vcex-teaser vcex-teaser-four wpex-flex wpex-flex-col wpex-text-center wpex-border wpex-border-solid wpex-border-main\"><div class=\"vcex-teaser-media\"><img width=\"922\" height=\"614\" src=\"https:\/\/andes-t.cl\/wp-content\/uploads\/2026\/01\/images_0002_Picture6.png.jpg\" class=\"wpex-align-middle\" alt=\"\" loading=\"lazy\" decoding=\"async\" srcset=\"https:\/\/andes-t.cl\/wp-content\/uploads\/2026\/01\/images_0002_Picture6.png.jpg 922w, https:\/\/andes-t.cl\/wp-content\/uploads\/2026\/01\/images_0002_Picture6.png-300x200.jpg 300w, https:\/\/andes-t.cl\/wp-content\/uploads\/2026\/01\/images_0002_Picture6.png-768x511.jpg 768w, https:\/\/andes-t.cl\/wp-content\/uploads\/2026\/01\/images_0002_Picture6.png-18x12.jpg 18w\" sizes=\"auto, (max-width: 922px) 100vw, 922px\" \/><\/div><div class=\"vcex-teaser-content wpex-p-20\"><h2 class=\"vcex-teaser-heading wpex-heading wpex-text-xl\">Lifting and Load Support Solutions<\/h2><div class=\"vcex-teaser-text wpex-mt-10 wpex-last-mb-0 wpex-clr\"><p style=\"text-align: justify\">We develop and implement lifting, hoisting, and load support solutions based on safety criteria, current regulations, and operational reliability. Our approach focuses on protecting people, assets, and business continuity through technically validated and safe solutions.<\/p>\n<\/div><\/div><\/div><div class=\"vcex-module vcex-teaser vcex-teaser-four wpex-flex wpex-flex-col wpex-text-center wpex-border wpex-border-solid wpex-border-main\"><div class=\"vcex-teaser-media\"><img width=\"922\" height=\"614\" src=\"https:\/\/andes-t.cl\/wp-content\/uploads\/2026\/01\/im_0001_imagen-2.png.jpg\" class=\"wpex-align-middle\" alt=\"\" loading=\"lazy\" decoding=\"async\" srcset=\"https:\/\/andes-t.cl\/wp-content\/uploads\/2026\/01\/im_0001_imagen-2.png.jpg 922w, https:\/\/andes-t.cl\/wp-content\/uploads\/2026\/01\/im_0001_imagen-2.png-300x200.jpg 300w, https:\/\/andes-t.cl\/wp-content\/uploads\/2026\/01\/im_0001_imagen-2.png-768x511.jpg 768w, https:\/\/andes-t.cl\/wp-content\/uploads\/2026\/01\/im_0001_imagen-2.png-18x12.jpg 18w\" sizes=\"auto, (max-width: 922px) 100vw, 922px\" \/><\/div><div class=\"vcex-teaser-content wpex-p-20\"><h2 class=\"vcex-teaser-heading wpex-heading wpex-text-xl\">Rental of Specialized Tools and Equipment<\/h2><div class=\"vcex-teaser-text wpex-mt-10 wpex-last-mb-0 wpex-clr\"><p style=\"text-align: justify\">We offer rental of specialized tools and equipment for projects, maintenance, and specific operations. This service allows for operational flexibility, reduced investment in company assets, and access to verified, ready-to-use equipment with expert technical support.<\/p>\n<\/div><\/div><\/div><div class=\"vcex-module vcex-teaser vcex-teaser-four wpex-flex wpex-flex-col wpex-text-center wpex-border wpex-border-solid wpex-border-main\"><div class=\"vcex-teaser-media\"><img width=\"922\" height=\"614\" src=\"https:\/\/andes-t.cl\/wp-content\/uploads\/2026\/01\/im_0000_Imagen-1.png.jpg\" class=\"wpex-align-middle\" alt=\"\" loading=\"lazy\" decoding=\"async\" srcset=\"https:\/\/andes-t.cl\/wp-content\/uploads\/2026\/01\/im_0000_Imagen-1.png.jpg 922w, https:\/\/andes-t.cl\/wp-content\/uploads\/2026\/01\/im_0000_Imagen-1.png-300x200.jpg 300w, https:\/\/andes-t.cl\/wp-content\/uploads\/2026\/01\/im_0000_Imagen-1.png-768x511.jpg 768w, https:\/\/andes-t.cl\/wp-content\/uploads\/2026\/01\/im_0000_Imagen-1.png-18x12.jpg 18w\" sizes=\"auto, (max-width: 922px) 100vw, 922px\" \/><\/div><div class=\"vcex-teaser-content wpex-p-20\"><h2 class=\"vcex-teaser-heading wpex-heading wpex-text-xl\">Technical Service, Maintenance, Repair and Certification<\/h2><div class=\"vcex-teaser-text wpex-mt-10 wpex-last-mb-0 wpex-clr\"><p style=\"text-align: justify\">We provide technical services focused on maintaining the operability, safety, and lifespan of equipment used in critical operations. This includes preventive and corrective maintenance, technical diagnostics, repair, certification, operational verification, and traceable technical reports.<\/p>\n<\/div><\/div><\/div><\/div><\/div><\/div><\/div><\/div><div class=\"vc_row wpb_row vc_row-fluid vc_custom_1768096174030 wpex-vc-full-width-row wpex-vc-full-width-row--centered wpex-relative wpex-vc_row-gap-0 wpex-vc_row-has-fill wpex-vc_row-mx-0\" style=\"background-color:#2a2f36!important;\"><div class=\"wpb_column vc_column_container vc_col-sm-12\"><div class=\"vc_column-inner\"><div class=\"wpb_wrapper\"><style>.vcex-heading.vcex_69eb2247d8fc5{width:700px;color:#ffffff;font-size:var(--wpex-text-3xl);}@media (max-width:767px){.vcex-heading.vcex_69eb2247d8fc5{font-size:var(--wpex-text-3xl);}}<\/style><h2 class=\"vcex-heading vcex-heading-plain vcex-module wpex-text-balance wpex-heading wpex-text-2xl wpex-mb-20 wpex-text-center wpex-max-w-100 wpex-mx-auto vcex_69eb2247d8fc5\"><span class=\"vcex-heading-inner wpex-inline-block\">Corporate Strategic Services<\/span><\/h2>\n\t<div style=\"color:#ffffff;text-align:center;width:600px;margin-bottom:30px;\" class=\"wpb_text_column has-custom-color wpex-child-inherit-color wpex-max-w-100 wpex-mx-auto wpb_content_element\" >\n\t\t<div class=\"wpb_wrapper\">\n\t\t\t<p>Digital Strategy, Corporate Positioning and Strategic Relationship Building<\/p>\n\n\t\t<\/div>\n\t<\/div>\n<div class=\"vc_row wpb_row vc_inner vc_row-fluid wpex-relative\"><div class=\"wpb_column vc_column_container vc_col-sm-6\"><div class=\"vc_column-inner\"><div class=\"wpb_wrapper\">\n\t<div style=\"color:#ffffff;width:80%;margin-bottom:40px;\" class=\"wpb_text_column has-custom-color wpex-child-inherit-color wpex-max-w-100 wpex-mx-auto wpb_content_element\" >\n\t\t<div class=\"wpb_wrapper\">\n\t\t\t<p style=\"text-align: center;\">We complement our technical services with a line of strategic corporate services aimed at strengthening the presence, credibility and positioning of our clients within their industry.<\/p>\n<p style=\"text-align: center;\">We align corporate communication and presence with the operational and strategic reality of the business, supporting companies to:<\/p>\n\n\t\t<\/div>\n\t<\/div>\n<\/div><\/div><\/div><div class=\"wpb_column vc_column_container vc_col-sm-6\"><div class=\"vc_column-inner\"><div class=\"wpb_wrapper\"><style>.vcex-list_item.vcex_69eb2247da410{color:#ffffff;}.vcex-list_item.vcex_69eb2247da410 .vcex-list-item-icon-inner{color:var(--wpex-accent);}<\/style><div class=\"vcex-list_item vcex-module wpex-m-0 wpex-max-w-100 wpex-mb-15 vcex_69eb2247da410\"><div class=\"vcex-list-item-inner wpex-inline-flex wpex-flex-no-wrap\"><div class=\"vcex-list-item-icon wpex-mr-10\"><div class=\"vcex-list-item-icon-inner vcex-icon-wrap wpex-inline-flex wpex-justify-center wpex-items-center wpex-leading-none wpex-child-inherit-color\"><span class=\"wpex-icon--w wpex-icon\" aria-hidden=\"true\"><svg xmlns=\"http:\/\/www.w3.org\/2000\/svg\" viewbox=\"0 0 512 512\"><path d=\"M256 48a208 208 0 1 1 0 416 208 208 0 1 1 0-416zm0 464A256 256 0 1 0 256 0a256 256 0 1 0 0 512zM369 209c9.4-9.4 9.4-24.6 0-33.9s-24.6-9.4-33.9 0l-111 111-47-47c-9.4-9.4-24.6-9.4-33.9 0s-9.4 24.6 0 33.9l64 64c9.4 9.4 24.6 9.4 33.9 0L369 209z\"\/><\/svg><\/span><\/div><\/div><div class=\"vcex-list-item-text vcex-content wpex-flex-grow\">Link your business to internationally recognized brands and manufacturers.<\/div><\/div><\/div><style>.vcex-list_item.vcex_69eb2247daa5c{color:#ffffff;}.vcex-list_item.vcex_69eb2247daa5c .vcex-list-item-icon-inner{color:var(--wpex-accent);}<\/style><div class=\"vcex-list_item vcex-module wpex-m-0 wpex-max-w-100 wpex-mb-15 vcex_69eb2247daa5c\"><div class=\"vcex-list-item-inner wpex-inline-flex wpex-flex-no-wrap\"><div class=\"vcex-list-item-icon wpex-mr-10\"><div class=\"vcex-list-item-icon-inner vcex-icon-wrap wpex-inline-flex wpex-justify-center wpex-items-center wpex-leading-none wpex-child-inherit-color\"><span class=\"wpex-icon--w wpex-icon\" aria-hidden=\"true\"><svg xmlns=\"http:\/\/www.w3.org\/2000\/svg\" viewbox=\"0 0 512 512\"><path d=\"M256 48a208 208 0 1 1 0 416 208 208 0 1 1 0-416zm0 464A256 256 0 1 0 256 0a256 256 0 1 0 0 512zM369 209c9.4-9.4 9.4-24.6 0-33.9s-24.6-9.4-33.9 0l-111 111-47-47c-9.4-9.4-24.6-9.4-33.9 0s-9.4 24.6 0 33.9l64 64c9.4 9.4 24.6 9.4 33.9 0L369 209z\"\/><\/svg><\/span><\/div><\/div><div class=\"vcex-list-item-text vcex-content wpex-flex-grow\">Facilitate strategic collaboration with manufacturers and suppliers.<\/div><\/div><\/div><style>.vcex-list_item.vcex_69eb2247daf83{color:#ffffff;}.vcex-list_item.vcex_69eb2247daf83 .vcex-list-item-icon-inner{color:var(--wpex-accent);}<\/style><div class=\"vcex-list_item vcex-module wpex-m-0 wpex-max-w-100 wpex-mb-15 vcex_69eb2247daf83\"><div class=\"vcex-list-item-inner wpex-inline-flex wpex-flex-no-wrap\"><div class=\"vcex-list-item-icon wpex-mr-10\"><div class=\"vcex-list-item-icon-inner vcex-icon-wrap wpex-inline-flex wpex-justify-center wpex-items-center wpex-leading-none wpex-child-inherit-color\"><span class=\"wpex-icon--w wpex-icon\" aria-hidden=\"true\"><svg xmlns=\"http:\/\/www.w3.org\/2000\/svg\" viewbox=\"0 0 512 512\"><path d=\"M256 48a208 208 0 1 1 0 416 208 208 0 1 1 0-416zm0 464A256 256 0 1 0 256 0a256 256 0 1 0 0 512zM369 209c9.4-9.4 9.4-24.6 0-33.9s-24.6-9.4-33.9 0l-111 111-47-47c-9.4-9.4-24.6-9.4-33.9 0s-9.4 24.6 0 33.9l64 64c9.4 9.4 24.6 9.4 33.9 0L369 209z\"\/><\/svg><\/span><\/div><\/div><div class=\"vcex-list-item-text vcex-content wpex-flex-grow\">Generate technical and commercial alliances.<\/div><\/div><\/div><style>.vcex-list_item.vcex_69eb2247db46d{color:#ffffff;}.vcex-list_item.vcex_69eb2247db46d .vcex-list-item-icon-inner{color:var(--wpex-accent);}<\/style><div class=\"vcex-list_item vcex-module wpex-m-0 wpex-max-w-100 wpex-mb-15 vcex_69eb2247db46d\"><div class=\"vcex-list-item-inner wpex-inline-flex wpex-flex-no-wrap\"><div class=\"vcex-list-item-icon wpex-mr-10\"><div class=\"vcex-list-item-icon-inner vcex-icon-wrap wpex-inline-flex wpex-justify-center wpex-items-center wpex-leading-none wpex-child-inherit-color\"><span class=\"wpex-icon--w wpex-icon\" aria-hidden=\"true\"><svg xmlns=\"http:\/\/www.w3.org\/2000\/svg\" viewbox=\"0 0 512 512\"><path d=\"M256 48a208 208 0 1 1 0 416 208 208 0 1 1 0-416zm0 464A256 256 0 1 0 256 0a256 256 0 1 0 0 512zM369 209c9.4-9.4 9.4-24.6 0-33.9s-24.6-9.4-33.9 0l-111 111-47-47c-9.4-9.4-24.6-9.4-33.9 0s-9.4 24.6 0 33.9l64 64c9.4 9.4 24.6 9.4 33.9 0L369 209z\"\/><\/svg><\/span><\/div><\/div><div class=\"vcex-list-item-text vcex-content wpex-flex-grow\">Contribute to improvements in internal processes, operational efficiency and commercial conditions.<\/div><\/div><\/div><style>.vcex-list_item.vcex_69eb2247db988{color:#ffffff;}.vcex-list_item.vcex_69eb2247db988 .vcex-list-item-icon-inner{color:var(--wpex-accent);}<\/style><div class=\"vcex-list_item vcex-module wpex-m-0 wpex-max-w-100 wpex-mb-15 vcex_69eb2247db988\"><div class=\"vcex-list-item-inner wpex-inline-flex wpex-flex-no-wrap\"><div class=\"vcex-list-item-icon wpex-mr-10\"><div class=\"vcex-list-item-icon-inner vcex-icon-wrap wpex-inline-flex wpex-justify-center wpex-items-center wpex-leading-none wpex-child-inherit-color\"><span class=\"wpex-icon--w wpex-icon\" aria-hidden=\"true\"><svg xmlns=\"http:\/\/www.w3.org\/2000\/svg\" viewbox=\"0 0 512 512\"><path d=\"M256 48a208 208 0 1 1 0 416 208 208 0 1 1 0-416zm0 464A256 256 0 1 0 256 0a256 256 0 1 0 0 512zM369 209c9.4-9.4 9.4-24.6 0-33.9s-24.6-9.4-33.9 0l-111 111-47-47c-9.4-9.4-24.6-9.4-33.9 0s-9.4 24.6 0 33.9l64 64c9.4 9.4 24.6 9.4 33.9 0L369 209z\"\/><\/svg><\/span><\/div><\/div><div class=\"vcex-list-item-text vcex-content wpex-flex-grow\">Strengthen its positioning with end customers and strategic partners.<\/div><\/div><\/div><\/div><\/div><\/div><\/div><\/div><\/div><\/div><\/div><div class=\"vc_row wpb_row vc_row-fluid vc_custom_1768102219152 wpex-vc-full-width-row wpex-vc-full-width-row--centered wpex-relative wpex-vc_row-has-fill wpex-vc_row-mx-0\" style=\"background-color:#ffffff!important;\"><div class=\"wpb_column vc_column_container vc_col-sm-12\"><div class=\"vc_column-inner\"><div class=\"wpb_wrapper\"><style>.vcex-callout.vcex_69eb2247dc558 .vcex-callout-caption{color:#000000;font-size:var(--wpex-text-2xl);font-family:Inter, sans-serif;font-weight:300;}<\/style><div class=\"vcex-callout vcex-module with-button wpex-text-center wpex-md-text-initial wpex-md-flex wpex-md-items-center vcex_69eb2247dc558\"><div class=\"vcex-callout-caption wpex-last-mb-0 wpex-text-xl wpex-mb-20 wpex-md-w-75 wpex-md-pr-20 wpex-md-mb-0\"><p>Do you need technical or strategic support for your operation?<\/p>\n<\/div><div class=\"vcex-callout-button wpex-md-w-25 wpex-md-text-right\"><a href=\"https:\/\/wa.me\/56962060058\" title=\"Request Advice\" target=\"_blank\" rel=\"noopener noreferrer\" class=\"vcex-callout-link theme-button full-width wpex-text-center\">Request Advice<\/a><\/div><\/div><\/div><\/div><\/div><\/div>\n<\/div>","protected":false},"excerpt":{"rendered":"Entregamos soluciones t\u00e9cnicas, tecnol\u00f3gicas y estrat\u00e9gicas Orientadas a asegurar la continuidad operacional, confiabilidad y eficiencia de procesos cr\u00edticos, adaptadas a los requerimientos reales de cada operaci\u00f3n. Servicios T\u00e9cnicos e IndustrialesSuministro IndustrialEntregamos soluciones de suministro industrial estrat\u00e9gico orientadas a asegurar la disponibilidad y confiabilidad de equipos, componentes e insumos cr\u00edticos. Nuestro servicio considera evaluaci\u00f3n t\u00e9cnica del&hellip;","protected":false},"author":1,"featured_media":0,"parent":0,"menu_order":0,"comment_status":"closed","ping_status":"closed","template":"","meta":{"footnotes":""},"class_list":["post-128","page","type-page","status-publish","hentry","entry","no-media"],"_links":{"self":[{"href":"https:\/\/andes-t.cl\/en\/wp-json\/wp\/v2\/pages\/128","targetHints":{"allow":["GET"]}}],"collection":[{"href":"https:\/\/andes-t.cl\/en\/wp-json\/wp\/v2\/pages"}],"about":[{"href":"https:\/\/andes-t.cl\/en\/wp-json\/wp\/v2\/types\/page"}],"author":[{"embeddable":true,"href":"https:\/\/andes-t.cl\/en\/wp-json\/wp\/v2\/users\/1"}],"replies":[{"embeddable":true,"href":"https:\/\/andes-t.cl\/en\/wp-json\/wp\/v2\/comments?post=128"}],"version-history":[{"count":45,"href":"https:\/\/andes-t.cl\/en\/wp-json\/wp\/v2\/pages\/128\/revisions"}],"predecessor-version":[{"id":451,"href":"https:\/\/andes-t.cl\/en\/wp-json\/wp\/v2\/pages\/128\/revisions\/451"}],"wp:attachment":[{"href":"https:\/\/andes-t.cl\/en\/wp-json\/wp\/v2\/media?parent=128"}],"curies":[{"name":"wp","href":"https:\/\/api.w.org\/{rel}","templated":true}]}}