{"id":132,"date":"2025-12-24T01:44:06","date_gmt":"2025-12-24T01:44:06","guid":{"rendered":"https:\/\/andes-t.cl\/?page_id=132"},"modified":"2026-01-11T15:19:17","modified_gmt":"2026-01-11T15:19:17","slug":"como-trabajamos","status":"publish","type":"page","link":"https:\/\/andes-t.cl\/en\/como-trabajamos\/","title":{"rendered":"HOW WE WORK"},"content":{"rendered":"<div class=\"wpb-content-wrapper\"><div class=\"vc_row wpb_row vc_row-fluid vc_custom_1766772069334 wpex-relative wpex-vc_row-col-mb-0\"><div class=\"wpb_column vc_column_container vc_col-sm-12\"><div class=\"vc_column-inner\"><div class=\"wpb_wrapper\"><style>.vcex-heading.vcex_69e8836586043{width:700px;font-size:var(--wpex-text-4xl);}@media (max-width:767px){.vcex-heading.vcex_69e8836586043{font-size:var(--wpex-text-3xl);}}<\/style><h2 class=\"vcex-heading vcex-heading-plain vcex-module wpex-text-balance wpex-heading wpex-text-2xl wpex-mb-20 wpex-text-center wpex-max-w-100 wpex-mx-auto vcex_69e8836586043\"><span class=\"vcex-heading-inner wpex-inline-block\">Operamos bajo un modelo t\u00e9cnico estructurado, orientado a resultados verificables<\/span><\/h2><div class=\"vcex-module vcex-divider vcex-divider-solid vcex-divider-center wpex-mx-auto wpex-max-w-100 vcex-divider-has-icon wpex-flex wpex-items-center\" style=\"width:30%;margin-block:1rem;\"><div class=\"vcex-divider-border wpex-flex-grow wpex-border-b wpex-border-solid wpex-border-main\" style=\"border-color:#000000d4;\"><\/div><span class=\"vcex-divider-icon-span wpex-inline-flex wpex-justify-center wpex-items-center wpex-box-content wpex-inline-block wpex-text-center wpex-text-lg wpex-py-10 wpex-px-20\" style=\"color:var(--wpex-accent);\"><span class=\"wpex-icon\" aria-hidden=\"true\"><svg xmlns=\"http:\/\/www.w3.org\/2000\/svg\" viewbox=\"0 0 576 512\"><path d=\"M413.5 237.5c-28.2 4.8-58.2-3.6-80-25.4l-38.1-38.1C280.4 159 272 138.8 272 117.6V105.5L192.3 62c-5.3-2.9-8.6-8.6-8.3-14.7s3.9-11.5 9.5-14l47.2-21C259.1 4.2 279 0 299.2 0h18.1c36.7 0 72 14 98.7 39.1l44.6 42c24.2 22.8 33.2 55.7 26.6 86L503 183l8-8c9.4-9.4 24.6-9.4 33.9 0l24 24c9.4 9.4 9.4 24.6 0 33.9l-88 88c-9.4 9.4-24.6 9.4-33.9 0l-24-24c-9.4-9.4-9.4-24.6 0-33.9l8-8-17.5-17.5zM27.4 377.1L260.9 182.6c3.5 4.9 7.5 9.6 11.8 14l38.1 38.1c6 6 12.4 11.2 19.2 15.7L134.9 484.6c-14.5 17.4-36 27.4-58.6 27.4C34.1 512 0 477.8 0 435.7c0-22.6 10.1-44.1 27.4-58.6z\"\/><\/svg><\/span><\/span><div class=\"vcex-divider-border wpex-flex-grow wpex-border-b wpex-border-solid wpex-border-main\" style=\"border-color:#000000d4;\"><\/div><\/div>\n\t<div style=\"text-align:center;width:750px;\" class=\"wpb_text_column wpex-max-w-100 wpex-mx-auto wpb_content_element\" >\n\t\t<div class=\"wpb_wrapper\">\n\t\t\t<p style=\"text-align: center;\">y cumplimiento de est\u00e1ndares operacionales. Cada etapa es documentada y validada t\u00e9cnicamente.<\/p>\n\n\t\t<\/div>\n\t<\/div>\n<div class=\"vcex-spacing wpex-w-100 wpex-clear\" style=\"height:40px;\"><\/div><style>.vcex-flex-container_69e883658746d{gap:40px;}.vcex-icon-box.vcex_69e88365879af .vcex-icon-box-content{color:#000000;}.vcex-icon-box.vcex_69e88365879af .vcex-icon-box-heading{margin-bottom:0px;color:#000000;font-weight:400;text-transform:uppercase;letter-spacing:1px;}.vcex-icon-box.vcex_69e88365879af .vcex-icon-box-icon{font-size:24px;color:#000000;border-radius:50%;height:50px;}.vcex-icon-box.vcex_69e88365879af .vcex-icon-box-symbol{width:50px;}.vcex-icon-box.vcex_69e88365883e7 .vcex-icon-box-heading{margin-bottom:0px;color:#000000;font-weight:400;text-transform:uppercase;letter-spacing:1px;}.vcex-icon-box.vcex_69e88365883e7 .vcex-icon-box-icon{font-size:24px;color:#000000;border-radius:50%;height:50px;}.vcex-icon-box.vcex_69e88365883e7 .vcex-icon-box-symbol{width:50px;}.vcex-icon-box.vcex_69e8836588cf8 .vcex-icon-box-heading{margin-bottom:0px;color:#000000;font-weight:400;text-transform:uppercase;letter-spacing:1px;}.vcex-icon-box.vcex_69e8836588cf8 .vcex-icon-box-icon{font-size:24px;color:#000000;border-radius:50%;height:50px;}.vcex-icon-box.vcex_69e8836588cf8 .vcex-icon-box-symbol{width:50px;}.vcex-icon-box.vcex_69e8836589674 .vcex-icon-box-heading{margin-bottom:0px;color:#000000;font-weight:400;text-transform:uppercase;letter-spacing:1px;}.vcex-icon-box.vcex_69e8836589674 .vcex-icon-box-icon{font-size:24px;color:#000000;border-radius:50%;height:50px;}.vcex-icon-box.vcex_69e8836589674 .vcex-icon-box-symbol{width:50px;}<\/style><div class=\"vcex-flex-container vcex-module wpex-flex wpex-gap-20 wpex-flex-wrap wpex-justify-between vcex-flex-container_69e883658746d\"><div class=\"vcex-module vcex-icon-box vcex-icon-box-one wpex-flex wpex-items-center wpex-text-left vcex_69e88365879af\"><div class=\"vcex-icon-box-symbol vcex-icon-box-symbol--icon wpex-flex-shrink-0 wpex-mr-20\"><a href=\"#\" class=\"wpex-no-underline\"><div class=\"vcex-icon-box-icon wpex-items-center wpex-justify-center wpex-child-inherit-color wpex-text-center wpex-leading-none wpex-flex wpex-w-100 wpex-text-1 wpex-border-solid wpex-border wpex-font-semibold\">1<\/div><\/a><\/div><div class=\"vcex-icon-box-text wpex-flex-grow\"><h3 class=\"vcex-icon-box-heading wpex-heading wpex-text-lg wpex-child-inherit-color\"><a href=\"#\" class=\"vcex-icon-box-link wpex-no-underline\">Diagn\u00f3stico<\/a><\/h3><\/div><\/div><div class=\"vcex-module vcex-icon-box vcex-icon-box-one wpex-flex wpex-items-center wpex-text-left vcex_69e88365883e7\"><div class=\"vcex-icon-box-symbol vcex-icon-box-symbol--icon wpex-flex-shrink-0 wpex-mr-20\"><a href=\"#\" class=\"wpex-no-underline\"><div class=\"vcex-icon-box-icon wpex-items-center wpex-justify-center wpex-child-inherit-color wpex-text-center wpex-leading-none wpex-flex wpex-w-100 wpex-text-1 wpex-border-solid wpex-border wpex-font-semibold\">2<\/div><\/a><\/div><div class=\"vcex-icon-box-text wpex-flex-grow\"><h3 class=\"vcex-icon-box-heading wpex-heading wpex-text-lg wpex-child-inherit-color\"><a href=\"#\" class=\"vcex-icon-box-link wpex-no-underline\">Planificaci\u00f3n<\/a><\/h3><\/div><\/div><div class=\"vcex-module vcex-icon-box vcex-icon-box-one wpex-flex wpex-items-center wpex-text-left vcex_69e8836588cf8\"><div class=\"vcex-icon-box-symbol vcex-icon-box-symbol--icon wpex-flex-shrink-0 wpex-mr-20\"><a href=\"#\" class=\"wpex-no-underline\"><div class=\"vcex-icon-box-icon wpex-items-center wpex-justify-center wpex-child-inherit-color wpex-text-center wpex-leading-none wpex-flex wpex-w-100 wpex-text-1 wpex-border-solid wpex-border wpex-font-semibold\">3<\/div><\/a><\/div><div class=\"vcex-icon-box-text wpex-flex-grow\"><h3 class=\"vcex-icon-box-heading wpex-heading wpex-text-lg wpex-child-inherit-color\"><a href=\"#\" class=\"vcex-icon-box-link wpex-no-underline\">Ejecuci\u00f3n<\/a><\/h3><\/div><\/div><div class=\"vcex-module vcex-icon-box vcex-icon-box-one wpex-flex wpex-items-center wpex-text-left vcex_69e8836589674\"><div class=\"vcex-icon-box-symbol vcex-icon-box-symbol--icon wpex-flex-shrink-0 wpex-mr-20\"><a href=\"#\" class=\"wpex-no-underline\"><div class=\"vcex-icon-box-icon wpex-items-center wpex-justify-center wpex-child-inherit-color wpex-text-center wpex-leading-none wpex-flex wpex-w-100 wpex-text-1 wpex-border-solid wpex-border wpex-font-semibold\">4<\/div><\/a><\/div><div class=\"vcex-icon-box-text wpex-flex-grow\"><h3 class=\"vcex-icon-box-heading wpex-heading wpex-text-lg wpex-child-inherit-color\"><a href=\"#\" class=\"vcex-icon-box-link wpex-no-underline\">Verificaci\u00f3n<\/a><\/h3><\/div><\/div><\/div><div class=\"vcex-spacing wpex-w-100 wpex-clear\" style=\"height:40px;\"><\/div><div class=\"vcex-multi-buttons wpex-flex wpex-flex-wrap wpex-items-center wpex-gap-10 wpex-justify-center\"><a href=\"#\" class=\"theme-button flat outline-transparent wpex-text-center vcex-count-1\">SOLICITAR CONTACTO T\u00c9CNICO<\/a><\/div><\/div><\/div><\/div><\/div><div class=\"vc_row wpb_row vc_row-fluid vc_custom_1766773084399 wpex-vc-full-width-row wpex-vc-full-width-row--centered wpex-relative wpex-vc_row-has-fill wpex-vc_row-col-mb-0 wpex-vc_row-mx-0 wpex-has-overlay\" style=\"background-color:#000000!important;\"><div class=\"wpex-bg-overlay-wrap wpex-absolute wpex-inset-0 wpex-rounded-inherit\"><span class=\"wpex-bg-overlay dark wpex-absolute wpex-inset-0 wpex-rounded-inherit wpex-opacity-60 wpex-bg-black\"><\/span><\/div><div class=\"wpb_column vc_column_container vc_col-sm-6\"><div class=\"vc_column-inner\"><div class=\"wpb_wrapper\"><style>.vcex-heading.vcex_69e883658af39{width:700px;color:#ffffff;font-size:var(--wpex-text-4xl);}@media (max-width:767px){.vcex-heading.vcex_69e883658af39{font-size:var(--wpex-text-3xl);}}<\/style><h2 class=\"vcex-heading vcex-heading-plain vcex-module wpex-text-balance wpex-heading wpex-text-2xl wpex-mb-20 wpex-text-center wpex-max-w-100 wpex-mx-auto vcex_69e883658af39\"><span class=\"vcex-heading-inner wpex-inline-block\">INDUSTRIAS \/ APLICACIONES<\/span><\/h2><div class=\"vcex-spacing wpex-w-100 wpex-clear\" style=\"height:40px;\"><\/div><\/div><\/div><\/div><div class=\"wpb_column vc_column_container vc_col-sm-6\"><div class=\"vc_column-inner\"><div class=\"wpb_wrapper\">\n\t<div style=\"color:#ffffff;\" class=\"wpb_text_column has-custom-color wpex-child-inherit-color wpb_content_element\" >\n\t\t<div class=\"wpb_wrapper\">\n\t\t\t<ul style=\"font-weight: 400;\">\n<li>Miner\u00eda subterr\u00e1nea<\/li>\n<li>Miner\u00eda a rajo abierto<\/li>\n<li>Plantas de proceso<\/li>\n<li>Contratistas industriales<\/li>\n<li>Servicios t\u00e9cnicos especializados<\/li>\n<li>Industria productiva y agr\u00edcola<\/li>\n<\/ul>\n\n\t\t<\/div>\n\t<\/div>\n<\/div><\/div><\/div><\/div>\n<\/div>","protected":false},"excerpt":{"rendered":"Operamos bajo un modelo t\u00e9cnico estructurado, orientado a resultados verificables y cumplimiento de est\u00e1ndares operacionales. Cada etapa es documentada y validada t\u00e9cnicamente. 1Diagn\u00f3stico2Planificaci\u00f3n3Ejecuci\u00f3n4Verificaci\u00f3nSOLICITAR CONTACTO T\u00c9CNICOINDUSTRIAS \/ APLICACIONES Miner\u00eda subterr\u00e1nea Miner\u00eda a rajo abierto Plantas de proceso Contratistas industriales Servicios t\u00e9cnicos especializados Industria productiva y agr\u00edcola","protected":false},"author":1,"featured_media":0,"parent":0,"menu_order":0,"comment_status":"closed","ping_status":"closed","template":"","meta":{"footnotes":""},"class_list":["post-132","page","type-page","status-publish","hentry","entry","no-media"],"_links":{"self":[{"href":"https:\/\/andes-t.cl\/en\/wp-json\/wp\/v2\/pages\/132","targetHints":{"allow":["GET"]}}],"collection":[{"href":"https:\/\/andes-t.cl\/en\/wp-json\/wp\/v2\/pages"}],"about":[{"href":"https:\/\/andes-t.cl\/en\/wp-json\/wp\/v2\/types\/page"}],"author":[{"embeddable":true,"href":"https:\/\/andes-t.cl\/en\/wp-json\/wp\/v2\/users\/1"}],"replies":[{"embeddable":true,"href":"https:\/\/andes-t.cl\/en\/wp-json\/wp\/v2\/comments?post=132"}],"version-history":[{"count":23,"href":"https:\/\/andes-t.cl\/en\/wp-json\/wp\/v2\/pages\/132\/revisions"}],"predecessor-version":[{"id":299,"href":"https:\/\/andes-t.cl\/en\/wp-json\/wp\/v2\/pages\/132\/revisions\/299"}],"wp:attachment":[{"href":"https:\/\/andes-t.cl\/en\/wp-json\/wp\/v2\/media?parent=132"}],"curies":[{"name":"wp","href":"https:\/\/api.w.org\/{rel}","templated":true}]}}